{"id":15867,"date":"2024-05-24T17:38:22","date_gmt":"2024-05-24T15:38:22","guid":{"rendered":"https:\/\/canounecreation.fr\/?post_type=product&#038;p=15867"},"modified":"2024-05-24T17:50:32","modified_gmt":"2024-05-24T15:50:32","slug":"puzzle-carte-du-monde","status":"publish","type":"product","link":"https:\/\/canounecreation.fr\/index.php\/produit\/puzzle-carte-du-monde\/","title":{"rendered":"Puzzle Carte du Monde"},"content":{"rendered":"\t\t<div data-elementor-type=\"wp-post\" data-elementor-id=\"15867\" class=\"elementor elementor-15867\">\n\t\t\t\t\t\t<section class=\"elementor-section elementor-top-section elementor-element elementor-element-235c261 elementor-section-boxed elementor-section-height-default elementor-section-height-default wd-section-disabled\" data-id=\"235c261\" data-element_type=\"section\">\n\t\t\t\t\t\t<div class=\"elementor-container elementor-column-gap-default\">\n\t\t\t\t\t<div class=\"elementor-column elementor-col-50 elementor-top-column elementor-element elementor-element-7113d4b\" data-id=\"7113d4b\" data-element_type=\"column\">\n\t\t\t<div class=\"elementor-widget-wrap elementor-element-populated\">\n\t\t\t\t\t\t<div class=\"elementor-element elementor-element-54792bf elementor-widget elementor-widget-wd_text_block\" data-id=\"54792bf\" data-element_type=\"widget\" data-widget_type=\"wd_text_block.default\">\n\t\t\t\t<div class=\"elementor-widget-container\">\n\t\t\t\t\t<div class=\"wd-text-block reset-last-child text-left\">\n\t\t\t\n\t\t\t<p>\ud83c\udf0d <strong>Carte du Monde Puzzle en Bois - Exploration \u00c9ducative Personnalis\u00e9e<\/strong> \ud83c\udf1f\ud83e\udde9<\/p><p>\u00c9veillez la curiosit\u00e9 g\u00e9ographique de votre enfant avec notre carte du monde puzzle en bois de tilleul noble, sp\u00e9cialement con\u00e7ue pour les jeunes explorateurs. Inspir\u00e9 par la m\u00e9thode Montessori, cet outil \u00e9ducatif allie apprentissage interactif et design raffin\u00e9, parfait pour introduire les continents et les oc\u00e9ans de mani\u00e8re ludique et durable.<\/p><p><span style=\"font-size: 14px; background-color: var(--bgcolor-white); color: var(--wd-text-color);\">\ud83c\udf08 <\/span><strong style=\"font-size: 14px; background-color: var(--bgcolor-white); color: var(--wd-text-color);\">D\u00e9veloppement Stimulant :<\/strong><span style=\"font-size: 14px; background-color: var(--bgcolor-white); color: var(--wd-text-color);\"> Con\u00e7u pour les enfants d\u00e8s 3 ans, cet ensemble aide \u00e0 d\u00e9velopper la reconnaissance g\u00e9ographique, la m\u00e9moire, et bien plus encore, tout en s'amusant.<\/span><\/p><p>\ud83c\udf81 <strong>Cadeau \u00c9ducatif Parfait :<\/strong> Offrez un cadeau qui continue de donner, en stimulant l'imagination et la soif de savoir des enfants. Id\u00e9al pour les anniversaires, les f\u00eates, ou simplement comme surprise inspirante.<\/p><p>\ud83c\udf0d <strong>Engagement Envers l'\u00c9ducation :<\/strong> En int\u00e9grant cet outil \u00e0 leur routine quotidienne, les enfants apprendront l'importance de l'\u00e9ducation autonome tout en d\u00e9veloppant une appr\u00e9ciation pour la diversit\u00e9 du monde.<\/p><p><span style=\"font-family: Karla, Arial, Helvetica, sans-serif; font-size: 14px; font-style: normal; font-variant-ligatures: normal; font-variant-caps: normal; font-weight: 400; background-color: var(--bgcolor-white); color: var(--wd-text-color);\">\ud83d\udd0d <\/span><span style=\"font-family: Karla, Arial, Helvetica, sans-serif; font-size: 14px; font-style: normal; font-variant-ligatures: normal; font-variant-caps: normal; background-color: var(--bgcolor-white); color: var(--wd-text-color); font-weight: 600;\">D\u00e9tails Enrichissants : <\/span><span style=\"font-family: Karla, Arial, Helvetica, sans-serif; font-size: 14px; font-style: normal; font-variant-ligatures: normal; font-variant-caps: normal; font-weight: 400; color: var(--wd-text-color); background-color: var(--bgcolor-white);\">Chaque puzzle est fabriqu\u00e9 avec soin \u00e0 partir de bois de tilleul noble, garantissant des ann\u00e9es de d\u00e9couverte et d'apprentissage.<\/span>\ud83c\udf32 <strong>Dimensions :<\/strong> 30 x 20 cm<\/p><p>\u2728 <strong>Transformez l'apprentissage en une aventure captivante avec cette carte du monde puzzle en bois personnalis\u00e9e. <\/strong><\/p><p>\u00a0<\/p><p><strong>Faites briller la lumi\u00e8re sur l'\u00e9ducation de votre enfant d\u00e8s aujourd'hui !<\/strong> \ud83c\udf0d\ud83c\udf93<\/p>\n\t\t\t\t\t<\/div>\n\t\t\t\t<\/div>\n\t\t\t\t<\/div>\n\t\t\t\t\t<\/div>\n\t\t<\/div>\n\t\t\t\t<div class=\"elementor-column elementor-col-50 elementor-top-column elementor-element elementor-element-aae065d\" data-id=\"aae065d\" data-element_type=\"column\">\n\t\t\t<div class=\"elementor-widget-wrap elementor-element-populated\">\n\t\t\t\t\t\t<div class=\"elementor-element elementor-element-ee8c691 elementor-widget elementor-widget-wd_image_or_svg\" data-id=\"ee8c691\" data-element_type=\"widget\" data-widget_type=\"wd_image_or_svg.default\">\n\t\t\t\t<div class=\"elementor-widget-container\">\n\t\t\t\n\t\t<div class=\"wd-image text-left\">\n\t\t\t\t\t\t\t\t<img fetchpriority=\"high\" decoding=\"async\" width=\"980\" height=\"980\" src=\"https:\/\/canounecreation.fr\/wp-content\/uploads\/2024\/05\/at-illustration-vector.jpg\" class=\"attachment-full size-full\" alt=\"\" srcset=\"https:\/\/canounecreation.fr\/wp-content\/uploads\/2024\/05\/at-illustration-vector.jpg 980w, https:\/\/canounecreation.fr\/wp-content\/uploads\/2024\/05\/at-illustration-vector-300x300.jpg 300w, https:\/\/canounecreation.fr\/wp-content\/uploads\/2024\/05\/at-illustration-vector-800x800.jpg 800w, https:\/\/canounecreation.fr\/wp-content\/uploads\/2024\/05\/at-illustration-vector-150x150.jpg 150w, https:\/\/canounecreation.fr\/wp-content\/uploads\/2024\/05\/at-illustration-vector-768x768.jpg 768w, https:\/\/canounecreation.fr\/wp-content\/uploads\/2024\/05\/at-illustration-vector-860x860.jpg 860w, https:\/\/canounecreation.fr\/wp-content\/uploads\/2024\/05\/at-illustration-vector-430x430.jpg 430w, https:\/\/canounecreation.fr\/wp-content\/uploads\/2024\/05\/at-illustration-vector-700x700.jpg 700w\" sizes=\"(max-width: 980px) 100vw, 980px\" \/>\t\t\t\t\t<\/div>\n\n\t\t\t\t<\/div>\n\t\t\t\t<\/div>\n\t\t\t\t\t<\/div>\n\t\t<\/div>\n\t\t\t\t\t<\/div>\n\t\t<\/section>\n\t\t\t\t<\/div>\n\t\t","protected":false},"excerpt":{"rendered":"<div class=\"flex flex-grow flex-col max-w-full\">\n<div class=\"min-h-[20px] text-message flex flex-col items-start whitespace-pre-wrap break-words [.text-message+&amp;]:mt-5 juice:w-full juice:items-end overflow-x-auto gap-2\" dir=\"auto\" data-message-author-role=\"assistant\" data-message-id=\"01b0828d-e5bc-4262-8891-f0351ed7de02\">\n<div class=\"flex w-full flex-col gap-1 juice:empty:hidden juice:first:pt-[3px]\">\n<div class=\"markdown prose w-full break-words dark:prose-invert dark\">\n<p>Plongez dans l&rsquo;apprentissage avec notre carte du monde, un outil inspir\u00e9 par la m\u00e9thode Montessori et con\u00e7u pour \u00e9veiller la curiosit\u00e9 des enfants d\u00e8s 3 ans.<\/p>\n<p>Ce puzzle \u00e9ducatif allie plaisir et p\u00e9dagogie, en encourageant la d\u00e9couverte g\u00e9ographique de mani\u00e8re interactive et amusante.<\/p>\n<p>Avec son design pr\u00e9cis et \u00e9l\u00e9gant, il initie les petits aux noms et emplacements des continents et des oc\u00e9ans de notre plan\u00e8te.<\/p>\n<p>Cet objet durable et esth\u00e9tique est parfait pour accompagner l&rsquo;enfant dans son exploration du monde tout au long de la maternelle et au-del\u00e0, en posant les bases d&rsquo;un apprentissage autonome et engageant.<\/p>\n<\/div>\n<\/div>\n<\/div>\n<\/div>\n","protected":false},"featured_media":0,"comment_status":"open","ping_status":"closed","template":"","meta":[],"product_cat":[20],"product_tag":[],"class_list":{"0":"post-15867","1":"product","2":"type-product","3":"status-publish","5":"product_cat-educatif","6":"tm-has-options","8":"first","9":"instock","10":"shipping-taxable","11":"purchasable","12":"product-type-simple"},"_links":{"self":[{"href":"https:\/\/canounecreation.fr\/index.php\/wp-json\/wp\/v2\/product\/15867"}],"collection":[{"href":"https:\/\/canounecreation.fr\/index.php\/wp-json\/wp\/v2\/product"}],"about":[{"href":"https:\/\/canounecreation.fr\/index.php\/wp-json\/wp\/v2\/types\/product"}],"replies":[{"embeddable":true,"href":"https:\/\/canounecreation.fr\/index.php\/wp-json\/wp\/v2\/comments?post=15867"}],"version-history":[{"count":4,"href":"https:\/\/canounecreation.fr\/index.php\/wp-json\/wp\/v2\/product\/15867\/revisions"}],"predecessor-version":[{"id":15873,"href":"https:\/\/canounecreation.fr\/index.php\/wp-json\/wp\/v2\/product\/15867\/revisions\/15873"}],"wp:attachment":[{"href":"https:\/\/canounecreation.fr\/index.php\/wp-json\/wp\/v2\/media?parent=15867"}],"wp:term":[{"taxonomy":"product_cat","embeddable":true,"href":"https:\/\/canounecreation.fr\/index.php\/wp-json\/wp\/v2\/product_cat?post=15867"},{"taxonomy":"product_tag","embeddable":true,"href":"https:\/\/canounecreation.fr\/index.php\/wp-json\/wp\/v2\/product_tag?post=15867"}],"curies":[{"name":"wp","href":"https:\/\/api.w.org\/{rel}","templated":true}]}}