{"id":15669,"date":"2023-12-25T21:03:42","date_gmt":"2023-12-25T20:03:42","guid":{"rendered":"https:\/\/canounecreation.fr\/?post_type=product&#038;p=15669"},"modified":"2023-12-25T21:04:23","modified_gmt":"2023-12-25T20:04:23","slug":"carte-pokemon-melofee","status":"publish","type":"product","link":"https:\/\/canounecreation.fr\/index.php\/produit\/carte-pokemon-melofee\/","title":{"rendered":"Carte Pok\u00e9mon : M\u00e9lof\u00e9e"},"content":{"rendered":"\t\t<div data-elementor-type=\"wp-post\" data-elementor-id=\"15669\" class=\"elementor elementor-15669\">\n\t\t\t\t\t\t<section class=\"elementor-section elementor-top-section elementor-element elementor-element-235c261 elementor-section-boxed elementor-section-height-default elementor-section-height-default wd-section-disabled\" data-id=\"235c261\" data-element_type=\"section\">\n\t\t\t\t\t\t<div class=\"elementor-container elementor-column-gap-default\">\n\t\t\t\t\t<div class=\"elementor-column elementor-col-50 elementor-top-column elementor-element elementor-element-7113d4b\" data-id=\"7113d4b\" data-element_type=\"column\">\n\t\t\t<div class=\"elementor-widget-wrap elementor-element-populated\">\n\t\t\t\t\t\t<div class=\"elementor-element elementor-element-54792bf elementor-widget elementor-widget-wd_text_block\" data-id=\"54792bf\" data-element_type=\"widget\" data-widget_type=\"wd_text_block.default\">\n\t\t\t\t<div class=\"elementor-widget-container\">\n\t\t\t\t\t<div class=\"wd-text-block reset-last-child text-left\">\n\t\t\t\n\t\t\t<p>\ud83c\udf1f <strong>Reproduction en Bois de Carte Pok\u00e9mon - \u00c9dition Limit\u00e9e<\/strong> \ud83c\udf32\ud83d\udd2e<\/p><p>D\u00e9couvrez la magie de Pok\u00e9mon d'une toute nouvelle mani\u00e8re avec notre reproduction en bois de la c\u00e9l\u00e8bre carte Pok\u00e9mon, minutieusement grav\u00e9e et d\u00e9coup\u00e9e au laser pour capturer chaque d\u00e9tail. Chaque pi\u00e8ce est une \u0153uvre d'art en \u00e9dition limit\u00e9e, cr\u00e9\u00e9e avec passion pour les amateurs de Pok\u00e9mon et les collectionneurs exigeants.<\/p><p>\ud83d\udd0d <strong>D\u00e9tails Incroyables :<\/strong><\/p><ul><li><strong>Reproduction Fid\u00e8le :<\/strong> Chaque carte est une r\u00e9plique fid\u00e8le de l'originale, avec des d\u00e9tails grav\u00e9s pr\u00e9cis\u00e9ment pour recr\u00e9er l'art et les caract\u00e9ristiques uniques de la carte Pok\u00e9mon.<\/li><li><strong>Bois de Qualit\u00e9 :<\/strong> Fabriqu\u00e9e \u00e0 partir de bois de haute qualit\u00e9, cette reproduction est con\u00e7ue pour durer et pour \u00eatre expos\u00e9e avec fiert\u00e9.<\/li><\/ul><p>\ud83c\udf81 <strong>Cadeau Exceptionnel :<\/strong> Offrez \u00e0 un ami passionn\u00e9 de Pok\u00e9mon ou \u00e0 vous-m\u00eame un cadeau m\u00e9morable qui fait honneur \u00e0 l'univers Pok\u00e9mon. Cette reproduction en bois est bien plus qu'une simple d\u00e9coration, c'est un t\u00e9moignage d'amour pour cette franchise embl\u00e9matique.<\/p><p>\ud83e\ude84 <strong>D\u00e9coration Unique :<\/strong> Ajoutez une touche de magie Pok\u00e9mon \u00e0 votre espace de vie. Que ce soit sur une \u00e9tag\u00e8re, un bureau ou accroch\u00e9e au mur, cette reproduction en bois attirera tous les regards et suscitera des conversations passionn\u00e9es.<\/p><p>\ud83c\udf32 <strong>Dimensions :<\/strong><\/p><ul><li>Taille : [Indiquez les dimensions sp\u00e9cifiques de la carte en bois]<\/li><\/ul><p>\u2728 <strong>Rendez hommage \u00e0 l'univers Pok\u00e9mon avec cette reproduction en bois de haute qualit\u00e9. Commandez d\u00e8s maintenant pour enrichir votre collection ou offrir un cadeau Pok\u00e9mon inoubliable \u00e0 un \u00eatre cher !<\/strong> \ud83c\udf1f\ud83c\udf81<\/p>\n\t\t\t\t\t<\/div>\n\t\t\t\t<\/div>\n\t\t\t\t<\/div>\n\t\t\t\t\t<\/div>\n\t\t<\/div>\n\t\t\t\t<div class=\"elementor-column elementor-col-50 elementor-top-column elementor-element elementor-element-aae065d\" data-id=\"aae065d\" data-element_type=\"column\">\n\t\t\t<div class=\"elementor-widget-wrap elementor-element-populated\">\n\t\t\t\t\t\t<div class=\"elementor-element elementor-element-ee8c691 elementor-widget elementor-widget-wd_image_or_svg\" data-id=\"ee8c691\" data-element_type=\"widget\" data-widget_type=\"wd_image_or_svg.default\">\n\t\t\t\t<div class=\"elementor-widget-container\">\n\t\t\t\n\t\t<div class=\"wd-image text-left\">\n\t\t\t\t\t\t\t\t<img fetchpriority=\"high\" decoding=\"async\" width=\"1200\" height=\"442\" src=\"https:\/\/canounecreation.fr\/wp-content\/uploads\/2021\/08\/International_Pokemon_logo.svg.png\" class=\"attachment-full size-full\" alt=\"\" srcset=\"https:\/\/canounecreation.fr\/wp-content\/uploads\/2021\/08\/International_Pokemon_logo.svg.png 1200w, https:\/\/canounecreation.fr\/wp-content\/uploads\/2021\/08\/International_Pokemon_logo.svg-400x147.png 400w, https:\/\/canounecreation.fr\/wp-content\/uploads\/2021\/08\/International_Pokemon_logo.svg-768x283.png 768w, https:\/\/canounecreation.fr\/wp-content\/uploads\/2021\/08\/International_Pokemon_logo.svg-860x317.png 860w, https:\/\/canounecreation.fr\/wp-content\/uploads\/2021\/08\/International_Pokemon_logo.svg-430x158.png 430w, https:\/\/canounecreation.fr\/wp-content\/uploads\/2021\/08\/International_Pokemon_logo.svg-700x258.png 700w, https:\/\/canounecreation.fr\/wp-content\/uploads\/2021\/08\/International_Pokemon_logo.svg-150x55.png 150w\" sizes=\"(max-width: 1200px) 100vw, 1200px\" \/>\t\t\t\t\t<\/div>\n\n\t\t\t\t<\/div>\n\t\t\t\t<\/div>\n\t\t\t\t\t<\/div>\n\t\t<\/div>\n\t\t\t\t\t<\/div>\n\t\t<\/section>\n\t\t\t\t<\/div>\n\t\t","protected":false},"excerpt":{"rendered":"<p>Explorez le monde de Pok\u00e9mon avec cette carte collector unique, m\u00e9ticuleusement con\u00e7ue via gravure et d\u00e9coupe laser pour un rendu d\u00e9taill\u00e9 et une finition premium.<\/p>\n<p>Chaque carte est un chef-d&rsquo;\u0153uvre pr\u00e9cis, mettant en avant votre Pok\u00e9mon favori avec une profondeur et un relief \u00e9tonnants.<\/p>\n<p>Parfaite pour les collectionneurs et les fans, elle apporte une touche de nostalgie et de modernit\u00e9 \u00e0 toute collection.<\/p>\n<p>Ajoutez une pi\u00e8ce embl\u00e9matique \u00e0 votre ensemble avec cette carte Pok\u00e9mon artistique et durable !<\/p>\n","protected":false},"featured_media":15670,"comment_status":"open","ping_status":"closed","template":"","meta":[],"product_cat":[32],"product_tag":[],"class_list":{"0":"post-15669","1":"product","2":"type-product","3":"status-publish","4":"has-post-thumbnail","6":"product_cat-geek","7":"tm-no-options","9":"first","10":"instock","11":"shipping-taxable","12":"purchasable","13":"product-type-simple"},"_links":{"self":[{"href":"https:\/\/canounecreation.fr\/index.php\/wp-json\/wp\/v2\/product\/15669"}],"collection":[{"href":"https:\/\/canounecreation.fr\/index.php\/wp-json\/wp\/v2\/product"}],"about":[{"href":"https:\/\/canounecreation.fr\/index.php\/wp-json\/wp\/v2\/types\/product"}],"replies":[{"embeddable":true,"href":"https:\/\/canounecreation.fr\/index.php\/wp-json\/wp\/v2\/comments?post=15669"}],"version-history":[{"count":1,"href":"https:\/\/canounecreation.fr\/index.php\/wp-json\/wp\/v2\/product\/15669\/revisions"}],"predecessor-version":[{"id":15671,"href":"https:\/\/canounecreation.fr\/index.php\/wp-json\/wp\/v2\/product\/15669\/revisions\/15671"}],"wp:featuredmedia":[{"embeddable":true,"href":"https:\/\/canounecreation.fr\/index.php\/wp-json\/wp\/v2\/media\/15670"}],"wp:attachment":[{"href":"https:\/\/canounecreation.fr\/index.php\/wp-json\/wp\/v2\/media?parent=15669"}],"wp:term":[{"taxonomy":"product_cat","embeddable":true,"href":"https:\/\/canounecreation.fr\/index.php\/wp-json\/wp\/v2\/product_cat?post=15669"},{"taxonomy":"product_tag","embeddable":true,"href":"https:\/\/canounecreation.fr\/index.php\/wp-json\/wp\/v2\/product_tag?post=15669"}],"curies":[{"name":"wp","href":"https:\/\/api.w.org\/{rel}","templated":true}]}}