{"id":15830,"date":"2024-01-09T14:46:03","date_gmt":"2024-01-09T13:46:03","guid":{"rendered":"https:\/\/canounecreation.fr\/?page_id=15830"},"modified":"2024-01-09T14:47:43","modified_gmt":"2024-01-09T13:47:43","slug":"conditions-generales-de-vente","status":"publish","type":"page","link":"https:\/\/canounecreation.fr\/index.php\/conditions-generales-de-vente\/","title":{"rendered":"Conditions G\u00e9n\u00e9rales de Vente"},"content":{"rendered":"\t\t<div data-elementor-type=\"wp-page\" data-elementor-id=\"15830\" class=\"elementor elementor-15830\">\n\t\t\t\t<div class=\"elementor-element elementor-element-3fa7df0 e-flex e-con-boxed wd-section-disabled e-con e-parent\" data-id=\"3fa7df0\" data-element_type=\"container\">\n\t\t\t\t\t<div class=\"e-con-inner\">\n\t\t\t\t<div class=\"elementor-element elementor-element-1999eaa elementor-widget elementor-widget-wd_text_block\" data-id=\"1999eaa\" data-element_type=\"widget\" data-widget_type=\"wd_text_block.default\">\n\t\t\t\t<div class=\"elementor-widget-container\">\n\t\t\t\t\t<div class=\"wd-text-block reset-last-child text-left\">\n\t\t\t\n\t\t\t<h4 id=\"clause-n-1-objet\">Clause n\u00b0 1 : Objet<\/h4><p>Les conditions g\u00e9n\u00e9rales de vente d\u00e9crites ci-apr\u00e8s d\u00e9taillent les droits et obligations du service de creation d'objets personnalisable en ligne du site www.canounecreation.fr exploit\u00e9 par la soci\u00e9t\u00e9 et de son client dans le cadre de la vente des marchandises suivantes :<br \/>\u2022\u00a0Objets en bois personnalis\u00e9s<br \/>Toute prestation accomplie par la soci\u00e9t\u00e9 implique donc l\u2019adh\u00e9sion sans r\u00e9serve de l\u2019acheteur aux pr\u00e9sentes conditions g\u00e9n\u00e9rales de vente.<\/p><h4 id=\"clause-n-2-prix\">Clause n\u00b0 2 : Prix<\/h4><p>Les prix des marchandises vendues sont ceux en vigueur au jour de la prise de commande. Ils sont libell\u00e9s en euros et calcul\u00e9s TTC.<\/p><p>La soci\u00e9t\u00e9 s\u2019accorde le droit de modifier ses tarifs \u00e0 tout moment. Toutefois, elle s\u2019engage \u00e0 facturer les marchandises command\u00e9es aux prix indiqu\u00e9s lors de l\u2019enregistrement de la commande.<\/p><h4 id=\"clause-n-3-rabais-ristournes-et-codes-de-reductions\">Clause n\u00b0 3 : Rabais, ristournes et codes de r\u00e9ductions<\/h4><p>Les tarifs propos\u00e9s comprennent les rabais et ristournes que la soci\u00e9t\u00e9 serait amen\u00e9e \u00e0 octroyer compte tenu de ses r\u00e9sultats ou de la prise en charge par l\u2019acheteur de certaines prestations.<\/p><p>Des codes de r\u00e9ductions peuvent \u00eatre mis \u00e0 disposition aux clients par divers moyens afin de faire diminuer le prix global de la commande. Ces codes de r\u00e9ductions restent la propri\u00e9t\u00e9 de la soci\u00e9t\u00e9 qui peut d\u00e9cider \u00e0 tout moment d\u2019annuler leurs validit\u00e9.<\/p><h4 id=\"clause-n-4-escompte\">Clause n\u00b0 4 : Escompte<\/h4><p>Aucun escompte ne sera consenti en cas de paiement anticip\u00e9.<\/p><h4 id=\"clause-n-5-modalites-de-paiement\">Clause n\u00b0 5 : Modalit\u00e9s de paiement<\/h4><p>Le r\u00e8glement des commandes s\u2019effectue :<\/p><p>soit par carte bancaire via Stripe<br \/>soit par carte bancaire via Paypal ;<br \/>soit par virement bancaire.<\/p><p>Lors de l\u2019enregistrement de la commande, l\u2019acheteur devra verser l\u2019int\u00e9gralit\u00e9 du montant global de la commande avant l\u2019exp\u00e9dition des marchandises. Sauf cas exceptionnel, une facilit\u00e9 de paiement de la commande peut \u00eatre accord\u00e9.<\/p><h4 id=\"clause-n-6-limitation-geographique-d-utilisation\">Clause n\u00b0 6 : Limitation g\u00e9ographique d\u2019utilisation<\/h4><p>La vente des produits du pr\u00e9sent site est limit\u00e9e \u00e0 la France m\u00e9tropolitaine et aux territoires et d\u00e9partements d\u2019outre-mer.<\/p><h4 id=\"clause-n-7-droits-de-propriete-intellectuelle-relatifs-aux-elements-publies-sur-le-present-site\">Clause n\u00b0 7 : Droits de propri\u00e9t\u00e9 intellectuelle relatifs aux \u00e9l\u00e9ments publi\u00e9s sur le pr\u00e9sent site<\/h4><p>L\u2019ensemble des \u00e9l\u00e9ments du pr\u00e9sent site appartient \u00e0 la soci\u00e9t\u00e9. Toute copie des logos, contenus textuels, pictographiques ou vid\u00e9os, sans que cette \u00e9num\u00e9ration ne soit limitative, est rigoureusement interdite et s\u2019apparente \u00e0 de la contrefa\u00e7on. Toute personne qui se rendrait coupable de contrefa\u00e7on serait susceptible de poursuites judiciaires ult\u00e9rieures \u00e0 son encontre, \u00e0 l\u2019initiative de l\u2019\u00e9diteur du pr\u00e9sent site ou de son mandataire.<\/p><h4 id=\"clause-n-8-clause-de-reserve-de-propriete-des-biens\">Clause n\u00b0 8 : Clause de r\u00e9serve de propri\u00e9t\u00e9 des biens<\/h4><p>La soci\u00e9t\u00e9 conserve la propri\u00e9t\u00e9 des biens vendus jusqu\u2019au paiement int\u00e9gral du prix, en principal et en accessoires. \u00c0 ce titre, si l\u2019acheteur fait l\u2019objet d\u2019un redressement ou d\u2019une liquidation judiciaire, la soci\u00e9t\u00e9 se r\u00e9serve le droit de revendiquer, dans le cadre de la proc\u00e9dure collective, les marchandises vendues et rest\u00e9es impay\u00e9es.<\/p><h4 id=\"clause-n-9-livraison\">Clause n\u00b0 9 : Livraison<\/h4><p>La livraison est effectu\u00e9e :<br \/>soit par la remise directe de la marchandise \u00e0 l\u2019acheteur ;<br \/>soit par l\u2019envoi d\u2019un avis de mise \u00e0 disposition en magasin \u00e0 l\u2019attention de l\u2019acheteur ;<br \/>soit au lieu indiqu\u00e9 par l\u2019acheteur lors de la validation de sa commande.<br \/>Le d\u00e9lai de livraison indiqu\u00e9 lors de l\u2019enregistrement de la commande n\u2019est donn\u00e9 qu\u2019\u00e0 titre indicatif et n\u2019est aucunement garanti.<\/p><p>Par voie de cons\u00e9quence, tout retard raisonnable dans la livraison des produits ne pourra pas donner lieu au profit de l\u2019acheteur \u00e0 :<br \/>l\u2019allocation de dommages et int\u00e9r\u00eats ;<br \/>l\u2019annulation de la commande.<br \/>Le risque du transport est support\u00e9 en totalit\u00e9 par l\u2019acheteur.<\/p><h4 id=\"clause-n-10-retours-et-remboursements\">Clause n\u00b0 10 : Retours et remboursements<\/h4><p>En cas de marchandises manquantes ou d\u00e9t\u00e9rior\u00e9es lors du transport, l\u2019acheteur devra porter r\u00e9clamation et la justifier par \u00e9crit dans un d\u00e9lais de cinq jours, suivant le retrait de la commande par courrier recommand\u00e9 AR \u00e0 l\u2019adresse suivante :<br \/>Canoune Cr\u00e9ation<br \/>106 chemin Jean Roubin<br \/>13009 Marseille<\/p><p>Tout retour de marchandises doit \u00eatre express\u00e9ment accept\u00e9 par la soci\u00e9t\u00e9.<br \/>La soci\u00e9t\u00e9 pourra apr\u00e8s \u00e9tude, proc\u00e9der \u00e0 une nouvelle fabrication ou un remboursement.<\/p><h4 id=\"clause-n-11-force-majeure\">Clause n\u00b0 11 : Force majeure<\/h4><p>La responsabilit\u00e9 de la soci\u00e9t\u00e9 ne pourra pas \u00eatre mise en oeuvre si la non-ex\u00e9cution ou le retard dans l\u2019ex\u00e9cution de l\u2019une de ses obligations d\u00e9crites dans les pr\u00e9sentes conditions g\u00e9n\u00e9rales de vente d\u00e9coule d\u2019un cas de force majeure. \u00c0 ce titre, la force majeure s\u2019entend de tout \u00e9v\u00e9nement ext\u00e9rieur, impr\u00e9visible et irr\u00e9sistible au sens de l\u2019article 1148 du Code civil.<\/p><h4 id=\"clause-n-12-tribunal-competent\">Clause n\u00b0 12 : Tribunal comp\u00e9tent<\/h4><p>Tout litige relatif \u00e0 l\u2019interpr\u00e9tation et \u00e0 l\u2019ex\u00e9cution des pr\u00e9sentes conditions g\u00e9n\u00e9rales de vente est soumis au droit fran\u00e7ais.<\/p><p>\u00c0 d\u00e9faut de r\u00e9solution amiable, le litige sera port\u00e9 devant le Tribunal de commerce de Marseille (13009).<\/p>\n\t\t\t\t\t<\/div>\n\t\t\t\t<\/div>\n\t\t\t\t<\/div>\n\t\t\t\t\t<\/div>\n\t\t\t\t<\/div>\n\t\t\t\t<\/div>\n\t\t","protected":false},"excerpt":{"rendered":"<p>Clause n\u00b0 1 : Objet Les conditions g\u00e9n\u00e9rales de vente d\u00e9crites ci-apr\u00e8s d\u00e9taillent les droits et obligations du service de<\/p>\n","protected":false},"author":1,"featured_media":0,"parent":0,"menu_order":0,"comment_status":"closed","ping_status":"closed","template":"","meta":{"footnotes":""},"class_list":["post-15830","page","type-page","status-publish","hentry"],"_links":{"self":[{"href":"https:\/\/canounecreation.fr\/index.php\/wp-json\/wp\/v2\/pages\/15830"}],"collection":[{"href":"https:\/\/canounecreation.fr\/index.php\/wp-json\/wp\/v2\/pages"}],"about":[{"href":"https:\/\/canounecreation.fr\/index.php\/wp-json\/wp\/v2\/types\/page"}],"author":[{"embeddable":true,"href":"https:\/\/canounecreation.fr\/index.php\/wp-json\/wp\/v2\/users\/1"}],"replies":[{"embeddable":true,"href":"https:\/\/canounecreation.fr\/index.php\/wp-json\/wp\/v2\/comments?post=15830"}],"version-history":[{"count":4,"href":"https:\/\/canounecreation.fr\/index.php\/wp-json\/wp\/v2\/pages\/15830\/revisions"}],"predecessor-version":[{"id":15834,"href":"https:\/\/canounecreation.fr\/index.php\/wp-json\/wp\/v2\/pages\/15830\/revisions\/15834"}],"wp:attachment":[{"href":"https:\/\/canounecreation.fr\/index.php\/wp-json\/wp\/v2\/media?parent=15830"}],"curies":[{"name":"wp","href":"https:\/\/api.w.org\/{rel}","templated":true}]}}