{"id":15825,"date":"2024-01-09T14:41:40","date_gmt":"2024-01-09T13:41:40","guid":{"rendered":"https:\/\/canounecreation.fr\/?page_id=15825"},"modified":"2024-01-09T15:23:05","modified_gmt":"2024-01-09T14:23:05","slug":"mentions-legales","status":"publish","type":"page","link":"https:\/\/canounecreation.fr\/index.php\/mentions-legales\/","title":{"rendered":"Mentions l\u00e9gales"},"content":{"rendered":"\t\t<div data-elementor-type=\"wp-page\" data-elementor-id=\"15825\" class=\"elementor elementor-15825\">\n\t\t\t\t<div class=\"elementor-element elementor-element-972a333 e-flex e-con-boxed wd-section-disabled e-con e-parent\" data-id=\"972a333\" data-element_type=\"container\">\n\t\t\t\t\t<div class=\"e-con-inner\">\n\t\t\t\t<div class=\"elementor-element elementor-element-836fb71 elementor-widget elementor-widget-wd_text_block\" data-id=\"836fb71\" data-element_type=\"widget\" data-widget_type=\"wd_text_block.default\">\n\t\t\t\t<div class=\"elementor-widget-container\">\n\t\t\t\t\t<div class=\"wd-text-block reset-last-child text-left\">\n\t\t\t\n\t\t\t<h4 id=\"mentions-legales\" class=\"has-text-align-center\">Editeur :<\/h4><p>Le site <strong>www.canounecreation.fr<\/strong> appartient \u00e0 la soci\u00e9t\u00e9 :<\/p><p><strong> MEKACORP<\/strong><br \/><strong>T\u00e9l : +33612084747<\/strong><br \/><strong>Mail : canounecreation@gmail.com<\/strong><\/p><p>L\u2019ensemble de ce site rel\u00e8ve des l\u00e9gislations fran\u00e7aise et internationale sur le droit d\u2019auteur et la propri\u00e9t\u00e9 intellectuelle. Tous les droits de reproduction sont r\u00e9serv\u00e9s, y compris pour les documents iconographiques et photographiques.<\/p><h4 id=\"hebergement\">H\u00e9bergement :<\/h4><p>Le Site est h\u00e9berg\u00e9 par la soci\u00e9t\u00e9 Hostinger.<\/p><h4 id=\"exercice-du-droit-d-acces\">Exercice du droit d\u2019acc\u00e8s :<\/h4><p>Conform\u00e9ment \u00e0 l\u2019article 34 de la Loi Informatique et Libert\u00e9s, vous disposez d\u2019un droit d\u2019acc\u00e8s, de modification, de rectification et de suppression des donn\u00e9es qui vous concernent.<br \/>Mail : contact@canounecreation.fr<\/p><p>Pour plus d\u2019informations sur la loi Informatique et Libert\u00e9s, vous pouvez consulter le site Internet de la CNIL.<\/p><h4 id=\"droits-d-auteur-copyright\">Droits d\u2019auteur \/ Copyright :<\/h4><p>Les marques et les logos figurant sur ce site sont des marques d\u00e9pos\u00e9es par la soci\u00e9t\u00e9 et leurs propri\u00e9taires respectifs. Leur mention n\u2019accorde en aucune mani\u00e8re une licence ou un droit d\u2019utilisation quelconque des dites marques, qui ne peuvent donc \u00eatre utilis\u00e9es sans le consentement pr\u00e9alable et \u00e9crit du propri\u00e9taire de la marque sous peine de contrefa\u00e7on.<\/p><p>L\u2019ensemble des informations pr\u00e9sentes sur ce site peut \u00eatre t\u00e9l\u00e9charg\u00e9, reproduit, imprim\u00e9 sous r\u00e9serve de :<\/p><p>\u2013 Utiliser ces informations \u00e0 des fins personnelles et en aucune mani\u00e8re \u00e0 des fins commerciales,<br \/>\u2013 Ne pas modifier ces informations,<br \/>\u2013 Reproduire sur toutes copies la mention des droits d\u2019auteur de canounecreation.fr\u00a9 (copyright).<br \/>\u2013 Toute autre utilisation non express\u00e9ment autoris\u00e9e est strictement interdite sans autorisation pr\u00e9alable et \u00e9crite des propri\u00e9taires.<\/p><h4 id=\"copyright-cliches-photographiques\">Copyright clich\u00e9s photographiques :<\/h4><p>Les photographies pr\u00e9sentes sur le site www.canounecreation.fr sont des \u0153uvres prot\u00e9g\u00e9es.<br \/>Toutes reproduction ne peut se faire sans l\u2019autorisation de ces auteurs.<\/p><h4 id=\"responsabilites\">Responsabilit\u00e9s :<\/h4><p>L\u2019ensemble des informations accessibles via ce site sont fournies en l\u2019\u00e9tat. canounecreation.fr ne donne aucune garantie, explicite ou implicite, et n\u2019assume aucune responsabilit\u00e9 relative \u00e0 l\u2019utilisation de ces informations. Elle n\u2019est pas responsable ni de l\u2019exactitude, ni des erreurs, ni des omissions contenues sur ce site.<\/p><p>Les informations et tarifs indiqu\u00e9s sur le site sont susceptibles d\u2019\u00eatre modifi\u00e9s sans pr\u00e9avis et ne sont pas contractuels.<\/p><p>L\u2019utilisateur est seul responsable de l\u2019utilisation de telles informations. canounecreation.fr se r\u00e9serve le droit de modifier \u00e0 tout moment les pr\u00e9sentes, notamment en actualisant ce site.<\/p><p>canounecreation.fr ne pourra \u00eatre responsable pour quelque dommage que ce soit tant direct qu\u2019indirect, r\u00e9sultant d\u2019une information contenue sur ce site.<\/p><p>L\u2019utilisateur s\u2019engage \u00e0 ne transmettre sur ce site aucune information pouvant entra\u00eener une responsabilit\u00e9 civile ou p\u00e9nale et s\u2019engage \u00e0 ce titre \u00e0 ne pas divulguer via ce site des informations ill\u00e9gales, contraires \u00e0 l\u2019ordre public ou diffamatoires.<\/p><h4 id=\"messagerie\">Messagerie :<\/h4><p>Pour toute remarque sur le fonctionnement du site, merci d\u2019\u00e9crire \u00e0 l\u2019administrateur du site \u00e0 l\u2019adresse : contact@canounecreation.fr<br \/>Les messages que vous nous ferez parvenir par l\u2019interm\u00e9diaire d\u2019Internet peuvent \u00eatres intercept\u00e9s sur le r\u00e9seau. Jusqu\u2019\u00e0 ce qu\u2019ils nous parviennent, leur confidentialit\u00e9 ne peut \u00eatre garantie.<\/p><h4 id=\"exoneration-de-responsabilite\">Exon\u00e9ration de responsabilit\u00e9 :<\/h4><p>canounecreation.fr ne donne aucune garantie et n\u2019assume aucune responsabilit\u00e9 relative \u00e0 l\u2019usage, la copie, la transmission et \u00e0 toute utilisation des informations, de quelque nature que ce soit, contenues sur le site www.canounecreation.fr<\/p>\n\t\t\t\t\t<\/div>\n\t\t\t\t<\/div>\n\t\t\t\t<\/div>\n\t\t\t\t\t<\/div>\n\t\t\t\t<\/div>\n\t\t\t\t<\/div>\n\t\t","protected":false},"excerpt":{"rendered":"<p>Editeur : Le site www.canounecreation.fr appartient \u00e0 la soci\u00e9t\u00e9 : MEKACORPT\u00e9l : +33612084747Mail : canounecreation@gmail.com L\u2019ensemble de ce site rel\u00e8ve<\/p>\n","protected":false},"author":1,"featured_media":0,"parent":0,"menu_order":0,"comment_status":"closed","ping_status":"closed","template":"","meta":{"footnotes":""},"class_list":["post-15825","page","type-page","status-publish","hentry"],"_links":{"self":[{"href":"https:\/\/canounecreation.fr\/index.php\/wp-json\/wp\/v2\/pages\/15825"}],"collection":[{"href":"https:\/\/canounecreation.fr\/index.php\/wp-json\/wp\/v2\/pages"}],"about":[{"href":"https:\/\/canounecreation.fr\/index.php\/wp-json\/wp\/v2\/types\/page"}],"author":[{"embeddable":true,"href":"https:\/\/canounecreation.fr\/index.php\/wp-json\/wp\/v2\/users\/1"}],"replies":[{"embeddable":true,"href":"https:\/\/canounecreation.fr\/index.php\/wp-json\/wp\/v2\/comments?post=15825"}],"version-history":[{"count":5,"href":"https:\/\/canounecreation.fr\/index.php\/wp-json\/wp\/v2\/pages\/15825\/revisions"}],"predecessor-version":[{"id":15835,"href":"https:\/\/canounecreation.fr\/index.php\/wp-json\/wp\/v2\/pages\/15825\/revisions\/15835"}],"wp:attachment":[{"href":"https:\/\/canounecreation.fr\/index.php\/wp-json\/wp\/v2\/media?parent=15825"}],"curies":[{"name":"wp","href":"https:\/\/api.w.org\/{rel}","templated":true}]}}