{"id":15807,"date":"2024-01-09T11:58:54","date_gmt":"2024-01-09T10:58:54","guid":{"rendered":"https:\/\/canounecreation.fr\/?page_id=15807"},"modified":"2024-01-09T12:01:04","modified_gmt":"2024-01-09T11:01:04","slug":"politique-dexpedition","status":"publish","type":"page","link":"https:\/\/canounecreation.fr\/index.php\/politique-dexpedition\/","title":{"rendered":"Politique d&rsquo;exp\u00e9dition"},"content":{"rendered":"\t\t<div data-elementor-type=\"wp-page\" data-elementor-id=\"15807\" class=\"elementor elementor-15807\">\n\t\t\t\t<div class=\"elementor-element elementor-element-6e0d445 e-flex e-con-boxed wd-section-disabled e-con e-parent\" data-id=\"6e0d445\" data-element_type=\"container\">\n\t\t\t\t\t<div class=\"e-con-inner\">\n\t\t\t\t<div class=\"elementor-element elementor-element-1aa66c9 elementor-widget elementor-widget-wd_text_block\" data-id=\"1aa66c9\" data-element_type=\"widget\" data-widget_type=\"wd_text_block.default\">\n\t\t\t\t<div class=\"elementor-widget-container\">\n\t\t\t\t\t<div class=\"wd-text-block reset-last-child text-left\">\n\t\t\t\n\t\t\t<ol><li><p><b>D\u00e9lais de traitement des commandes<\/b><br \/>Nous nous effor\u00e7ons de traiter toutes les commandes dans les\u00a04\u00a0jours ouvrables suivant leur r\u00e9ception. Les commandes re\u00e7ues apr\u00e8s 11h00 (heure locale) seront trait\u00e9es le jour ouvrable suivant. Veuillez noter que les commandes personnalis\u00e9es peuvent n\u00e9cessiter un d\u00e9lai de traitement suppl\u00e9mentaire (jusqu'\u00e0 14 jours ouvrable en fonction du produit).<\/p><\/li><li><p><b>Modes de livraison<\/b><br \/>Nous offrons diff\u00e9rents modes de livraison pour r\u00e9pondre \u00e0 vos besoins, y compris la livraison standard et la livraison express. Les frais de livraison varient en fonction de la destination et du mode de livraison choisi. Veuillez consulter notre page de livraison pour plus d'informations.<\/p><\/li><li><p><b>D\u00e9lais de livraison<\/b><br \/>Les d\u00e9lais de livraison varient en fonction de la destination et du mode de livraison choisi. Les d\u00e9lais de livraison estim\u00e9s sont indiqu\u00e9s sur notre page de livraison et peuvent varier en fonction des conditions m\u00e9t\u00e9orologiques ou de la congestion du trafic. Veuillez noter que nous ne pouvons pas garantir les d\u00e9lais de livraison, car ils d\u00e9pendent des services de livraison tiers.<\/p><\/li><li><p><b>Suivi de la livraison<\/b><br \/>Une fois votre commande exp\u00e9di\u00e9e, vous recevrez un e-mail de confirmation contenant un num\u00e9ro de suivi. Vous pourrez utiliser ce num\u00e9ro de suivi pour suivre l'\u00e9tat de votre livraison en ligne.<\/p><\/li><li><p><b>Frais de douane et taxes d'importation<\/b><br \/>Veuillez noter que les frais de douane et les taxes d'importation peuvent s'appliquer \u00e0 votre commande en fonction de la destination de livraison. Ces frais sont \u00e0 la charge du destinataire et ne sont pas inclus dans le prix de la commande ou les frais d'exp\u00e9dition.<\/p><\/li><li><p><strong>Adresse de<\/strong> <b>livraison<\/b><br \/>Nous ne sommes pas responsables des erreurs dans l'adresse de livraison fournies par le client. Veuillez vous assurer de fournir une adresse de livraison correcte et compl\u00e8te lors de la passation de votre commande. Nous ne pouvons pas garantir que les livraisons seront effectu\u00e9es \u00e0 des adresses postales, bo\u00eetes postales ou adresses militaires.<\/p><\/li><li><p><strong>Livraison manqu\u00e9e<\/strong><br \/>Si le transporteur est incapable de livrer votre commande en raison de l'absence du destinataire, la commande sera retourn\u00e9e \u00e0 notre entrep\u00f4t. Nous prendrons contact avec vous pour discuter des options de livraison alternatives. Veuillez noter que des frais suppl\u00e9mentaires peuvent s'appliquer pour une nouvelle livraison.<\/p><\/li><li><p><strong>R\u00e9ception de la commande<\/strong><br \/>Il est de votre responsabilit\u00e9 de v\u00e9rifier l'\u00e9tat de votre commande d\u00e8s sa r\u00e9ception. Si vous constatez des dommages ou des erreurs dans votre commande, veuillez nous contacter dans les 48 heures suivant la r\u00e9ception de votre commande.<\/p><\/li><li><p><strong>Non-livraison<\/strong><br \/>Si votre commande n'est pas livr\u00e9e dans les d\u00e9lais estim\u00e9s, veuillez nous contacter pour signaler le probl\u00e8me.\u00a0 \u00a0 \u00a0 \u00a0 \u00a0 \u00a0 \u00a0 \u00a0 \u00a0 \u00a0 \u00a0 \u00a0 \u00a0 \u00a0 \u00a0 \u00a0 \u00a0 \u00a0 \u00a0 Nous prendrons contact avec le transporteur pour enqu\u00eater sur la situation et trouver une solution.<\/p><\/li><\/ol>\n\t\t\t\t\t<\/div>\n\t\t\t\t<\/div>\n\t\t\t\t<\/div>\n\t\t\t\t\t<\/div>\n\t\t\t\t<\/div>\n\t\t\t\t<\/div>\n\t\t","protected":false},"excerpt":{"rendered":"<p>D\u00e9lais de traitement des commandesNous nous effor\u00e7ons de traiter toutes les commandes dans les\u00a04\u00a0jours ouvrables suivant leur r\u00e9ception. Les commandes<\/p>\n","protected":false},"author":1,"featured_media":0,"parent":0,"menu_order":0,"comment_status":"closed","ping_status":"closed","template":"","meta":{"footnotes":""},"class_list":["post-15807","page","type-page","status-publish","hentry"],"_links":{"self":[{"href":"https:\/\/canounecreation.fr\/index.php\/wp-json\/wp\/v2\/pages\/15807"}],"collection":[{"href":"https:\/\/canounecreation.fr\/index.php\/wp-json\/wp\/v2\/pages"}],"about":[{"href":"https:\/\/canounecreation.fr\/index.php\/wp-json\/wp\/v2\/types\/page"}],"author":[{"embeddable":true,"href":"https:\/\/canounecreation.fr\/index.php\/wp-json\/wp\/v2\/users\/1"}],"replies":[{"embeddable":true,"href":"https:\/\/canounecreation.fr\/index.php\/wp-json\/wp\/v2\/comments?post=15807"}],"version-history":[{"count":4,"href":"https:\/\/canounecreation.fr\/index.php\/wp-json\/wp\/v2\/pages\/15807\/revisions"}],"predecessor-version":[{"id":15811,"href":"https:\/\/canounecreation.fr\/index.php\/wp-json\/wp\/v2\/pages\/15807\/revisions\/15811"}],"wp:attachment":[{"href":"https:\/\/canounecreation.fr\/index.php\/wp-json\/wp\/v2\/media?parent=15807"}],"curies":[{"name":"wp","href":"https:\/\/api.w.org\/{rel}","templated":true}]}}